{"id":9230,"date":"2020-01-23T14:49:06","date_gmt":"2020-01-23T13:49:06","guid":{"rendered":"https:\/\/www.quantanalitica.com\/privacy-policy\/"},"modified":"2020-01-23T14:49:07","modified_gmt":"2020-01-23T13:49:07","slug":"privacy-policy","status":"publish","type":"page","link":"https:\/\/www.quantanalitica.com\/en\/privacy-policy\/","title":{"rendered":"Privacy policy"},"content":{"rendered":"<p>[et_pb_section fb_built=&#8221;1&#8243; admin_label=&#8221;section&#8221; _builder_version=&#8221;3.22&#8243; fb_built=&#8221;1&#8243; _i=&#8221;0&#8243; _address=&#8221;0&#8243;][et_pb_row admin_label=&#8221;row&#8221; _builder_version=&#8221;3.25&#8243; background_size=&#8221;initial&#8221; background_position=&#8221;top_left&#8221; background_repeat=&#8221;repeat&#8221; _i=&#8221;0&#8243; _address=&#8221;0.0&#8243;][et_pb_column type=&#8221;4_4&#8243; _builder_version=&#8221;3.25&#8243; custom_padding=&#8221;|||&#8221; _i=&#8221;0&#8243; _address=&#8221;0.0.0&#8243; custom_padding__hover=&#8221;|||&#8221;][et_pb_text admin_label=&#8221;Text&#8221; _builder_version=&#8221;3.29.3&#8243; background_size=&#8221;initial&#8221; background_position=&#8221;top_left&#8221; background_repeat=&#8221;repeat&#8221; _i=&#8221;0&#8243; _address=&#8221;0.0.0.0&#8243;]<\/p>\n<p>PRIVACY POLICY<\/p>\n<p>Informativa sul trattamento dei dati personali<\/p>\n<p>Ai sensi dell\u2019art. 13 D.Lgs n. 196\/2003 (di seguito, per brevit\u00e0, Codice Privacy) e dell\u2019art. 13 Regolamento UE n. 2016\/679 (di seguito, per brevit\u00e0, GDPR), QUANTANALITICA S.R.L. con sede legale in Osnago (LC) Via Guido Rossa, in qualit\u00e0 di Titolare del trattamento dati, informa l\u2019interessato che il trattamento dei dati personali sar\u00e0 improntato ai principi di riservatezza, liceit\u00e0 e trasparenza.<br \/> In conformit\u00e0 alla normativa citata, all\u2019interessato vengono date le seguenti informazioni:<br \/> 1. OGGETTO DEL TRATTAMENTO<br \/> Il trattamento ha ad oggetto dati personali identificativi (nome, cognome, indirizzo, numero di telefono, indirizzo e-mail, riferimenti bancari) raccolti direttamente dall\u2019interessato ed \u00e8 limitato a quanto strettamente necessario per l\u2019adempimento del contratto tra Lei e la scrivente societ\u00e0.<br \/> 2. MODALIT\u00c0 DEL TRATTAMENTO<br \/> I dati saranno raccolti manualmente e trattati sia in modalit\u00e0 cartacea che in modalit\u00e0 elettronica e\/o automatizzata atti a memorizzare, gestire e trasmettere i dati stessi.<br \/> In particolare, il titolare del trattamento ha adottato e adotta misure organizzative, procedurali e tecniche (antivirus ed altre tecnologie) appropriate per proteggere i dati dell\u2019interessato contro la perdita, il furto, nonch\u00e9 l\u2019uso, la divulgazione o la modifica non autorizzata.<br \/> 3. FINALIT\u00c0 DEL TRATTAMENTO<br \/> I dati personali dell\u2019interessato verranno richiesti per finalit\u00e0 specifiche ai sensi dell\u2019art. 24 Codice Privacy e dell\u2019art. 6 GDPR:<br \/> &#8211; Esecuzione del contratto;<br \/> &#8211; adempimento degli obblighi contabili e fiscali;<br \/> &#8211; adempimento di tutti gli obblighi derivanti da leggi, regolamenti e normativa comunitaria;<br \/> La base giuridica che legittima il trattamento \u00e8, pertanto, l\u2019adempimento di un obbligo contrattuale ovvero, l\u2019ottemperanza ad eventuali obblighi di legge e regolamenti.<br \/> 4. NATURA DEL CONFERIMENTO DEI DATI E CONSEGUENTE RIFIUTO A RISPONDERE<br \/> Il conferimento dei dati per l\u2019espletamento delle finalit\u00e0 di cui al punto 3 \u00e8 obbligatorio. In loro assenza il Titolare del Trattamento non potr\u00e0 avvalersi dei servizi richiesti all\u2019interessato.<\/p>\n<p>5. COMUNICAZIONE ED ACCESSO AI DATI<br \/> Il Titolare informa l\u2019Interessato che i suoi dati potranno essere comunicati, esclusivamente nel rispetto delle finalit\u00e0 sopra descritte ai dipendenti ed ai collaboratori del Titolare, a societ\u00e0 terze ed a<br \/> professionisti (a mero titolo esemplificativo: studi professionali, consulenti, istituti di credito) che svolgono servizi per conto del Titolare.<br \/> Inoltre, i dati personali dell\u2019interessato potranno essere comunicati, senza alcuna ulteriore informativa e\/o consenso ad Organismi di Vigilanza, Autorit\u00e0 giudiziarie, a societ\u00e0 di assicurazione per servizi assicurativi, nonch\u00e9 a tutti quei soggetti ai quali la comunicazione da parte del Titolare sia obbligatoria per legge.<br \/> 6. DIFFUSIONE DEI DATI<br \/> I dati personali non sono soggetti a diffusione.<br \/> 7. TRASFERIMENTO DEI DATI<br \/> Il Titolare assicura sin da ora che in caso di trasferimento dei dati in altri paesi, anche fuori dalla UE, verranno osservate tutte le disposizioni di legge in merito.<br \/> 8. PERIODO DI CONSERVAZIONE<br \/> I dati verranno conservati per un periodo non superiore ai termini necessari per adempiere gli obblighi contrattuali, comunque per le finalit\u00e0 per le quali sono stati raccolti per l\u2019adempimento degli obblighi di legge conseguenti e correlati, nonch\u00e9 fino alla revoca espressa da parte dell\u2019interessato.<br \/> 9. DIRITTI DELL\u2019INTERESSATO<br \/> L\u2019interessato ha i diritti di cui all\u2019art. 7 Codice Privacy e art. 15 e seguenti GDPR e precisamente i diritti di:<br \/> &#8211; ottenere la conferma che sia o meno in corso un trattamento di dati personali che lo riguardano;<br \/> &#8211; ottenere l\u2019accesso ai dati personali e alle informazioni relative al trattamento nonch\u00e9 richiedere una copia dei dati personali;<br \/> &#8211; ottenere la rettifica dei dati personali inesatti e l\u2019integrazione dei dati personali incompleti;<br \/> &#8211; ottenere, qualora sussista una delle condizioni previste dall\u2019art. 17 del GDPR, la cancellazione dei dati personali che lo riguardano (diritto all\u2019oblio);<br \/> &#8211; ottenere, nei casi previsti dall\u2019art. 18 del GDPR, la limitazione del trattamento;<br \/> &#8211; ricevere i dati personali che lo riguardano in un formato strutturato, di uso comune e leggibile da dispositivo automatico e richiedere la loro trasmissione ad un altro Titolare, se tecnicamente fattibile (diritto alla portabilit\u00e0 dei dati);<br \/> &#8211; opposizione;<br \/> &#8211; proporre Reclamo all\u2019Autorit\u00e0 Garante.<\/p>\n<p>10. MODALIT\u00c0 DI ESERCIZIO DEI DIRITTI<br \/> L\u2019interessato potr\u00e0 esercitare i propri diritti nelle forme e nei termini di cui all\u2019art. 12 GDPR inviando una raccomandata a\/r a QUANTANALITICA S.R.L. \u2013 VIA GUIDO ROSSA N. 14A\u2013 23875 OSNAGO (LC) oppure a mezzo PEC tramite l\u2019indirizzo e-mail: quantanalitica@legalmail.it<br \/> 11. TITOLARE DEL TRATTAMENTO<br \/> Il Titolare del Trattamento \u00e8:<\/p>\n<p>QUANTANALITICA SRL<br \/> Via Guido Rossa, 14\u00b0- 23875 Osnago (LC)<br \/> Capitale sociale \u20ac 30.000,00 i.v. &#8211; C.F.: P. IVA: 03455620132<br \/> R.E.A. di Lecco n. 317212<br \/> Tel.: +39 039 9280061 &#8212; Fax: +39 039 9289636<br \/> PEC: quantanalitica@legalmail.it &#8211; E-mail: info@quantanalitica.com &#8211; www.quantanalitica.com<\/p>\n<p>www.quantanalitica.com<\/p>\n<p>[\/et_pb_text][\/et_pb_column][\/et_pb_row][\/et_pb_section]<\/p>\n","protected":false},"excerpt":{"rendered":"<p>[et_pb_section fb_built=&#8221;1&#8243; admin_label=&#8221;section&#8221; _builder_version=&#8221;3.22&#8243; fb_built=&#8221;1&#8243; _i=&#8221;0&#8243; _address=&#8221;0&#8243;][et_pb_row admin_label=&#8221;row&#8221; _builder_version=&#8221;3.25&#8243; background_size=&#8221;initial&#8221; background_position=&#8221;top_left&#8221; background_repeat=&#8221;repeat&#8221; _i=&#8221;0&#8243; _address=&#8221;0.0&#8243;][et_pb_column type=&#8221;4_4&#8243; _builder_version=&#8221;3.25&#8243; custom_padding=&#8221;|||&#8221; _i=&#8221;0&#8243; _address=&#8221;0.0.0&#8243; custom_padding__hover=&#8221;|||&#8221;][et_pb_text admin_label=&#8221;Text&#8221; _builder_version=&#8221;3.29.3&#8243; background_size=&#8221;initial&#8221; background_position=&#8221;top_left&#8221; background_repeat=&#8221;repeat&#8221; _i=&#8221;0&#8243; _address=&#8221;0.0.0.0&#8243;] PRIVACY POLICY Informativa sul trattamento dei dati personali Ai sensi dell\u2019art. 13 D.Lgs n. 196\/2003 (di seguito, per brevit\u00e0, Codice Privacy) e dell\u2019art. 13 Regolamento UE n. 2016\/679 [&hellip;]<\/p>\n","protected":false},"author":5,"featured_media":0,"parent":0,"menu_order":52,"comment_status":"closed","ping_status":"closed","template":"","meta":{"_et_pb_use_builder":"on","_et_pb_old_content":"PRIVACY POLICY\r\n\r\nInformativa sul trattamento dei dati personali\r\n\r\nAi sensi dell\u2019art. 13 D.Lgs n. 196\/2003 (di seguito, per brevit\u00e0, Codice Privacy) e dell\u2019art. 13 Regolamento\r\nUE n. 2016\/679 (di seguito, per brevit\u00e0, GDPR), QUANTANALITICA S.R.L. con sede legale in Osnago (LC)\r\nVia Guido Rossa, in qualit\u00e0 di Titolare del trattamento dati, informa l\u2019interessato che il trattamento dei\r\ndati personali sar\u00e0 improntato ai principi di riservatezza, liceit\u00e0 e trasparenza.\r\nIn conformit\u00e0 alla normativa citata, all\u2019interessato vengono date le seguenti informazioni:\r\n1. OGGETTO DEL TRATTAMENTO\r\nIl trattamento ha ad oggetto dati personali identificativi (nome, cognome, indirizzo, numero di telefono,\r\nindirizzo e-mail, riferimenti bancari) raccolti direttamente dall\u2019interessato ed \u00e8 limitato a quanto\r\nstrettamente necessario per l\u2019adempimento del contratto tra Lei e la scrivente societ\u00e0.\r\n2. MODALIT\u00c0 DEL TRATTAMENTO\r\nI dati saranno raccolti manualmente e trattati sia in modalit\u00e0 cartacea che in modalit\u00e0 elettronica e\/o\r\nautomatizzata atti a memorizzare, gestire e trasmettere i dati stessi.\r\nIn particolare, il titolare del trattamento ha adottato e adotta misure organizzative, procedurali e\r\ntecniche (antivirus ed altre tecnologie) appropriate per proteggere i dati dell\u2019interessato contro la\r\nperdita, il furto, nonch\u00e9 l\u2019uso, la divulgazione o la modifica non autorizzata.\r\n3. FINALIT\u00c0 DEL TRATTAMENTO\r\nI dati personali dell\u2019interessato verranno richiesti per finalit\u00e0 specifiche ai sensi dell\u2019art. 24 Codice\r\nPrivacy e dell\u2019art. 6 GDPR:\r\n- Esecuzione del contratto;\r\n- adempimento degli obblighi contabili e fiscali;\r\n- adempimento di tutti gli obblighi derivanti da leggi, regolamenti e normativa comunitaria;\r\nLa base giuridica che legittima il trattamento \u00e8, pertanto, l\u2019adempimento di un obbligo contrattuale\r\novvero, l\u2019ottemperanza ad eventuali obblighi di legge e regolamenti.\r\n4. NATURA DEL CONFERIMENTO DEI DATI E CONSEGUENTE RIFIUTO A RISPONDERE\r\nIl conferimento dei dati per l\u2019espletamento delle finalit\u00e0 di cui al punto 3 \u00e8 obbligatorio.\r\nIn loro assenza il Titolare del Trattamento non potr\u00e0 avvalersi dei servizi richiesti all\u2019interessato.\r\n\r\n5. COMUNICAZIONE ED ACCESSO AI DATI\r\nIl Titolare informa l\u2019Interessato che i suoi dati potranno essere comunicati, esclusivamente nel rispetto\r\ndelle finalit\u00e0 sopra descritte ai dipendenti ed ai collaboratori del Titolare, a societ\u00e0 terze ed a\r\nprofessionisti (a mero titolo esemplificativo: studi professionali, consulenti, istituti di credito) che\r\nsvolgono servizi per conto del Titolare.\r\nInoltre, i dati personali dell\u2019interessato potranno essere comunicati, senza alcuna ulteriore informativa\r\ne\/o consenso ad Organismi di Vigilanza, Autorit\u00e0 giudiziarie, a societ\u00e0 di assicurazione per servizi\r\nassicurativi, nonch\u00e9 a tutti quei soggetti ai quali la comunicazione da parte del Titolare sia obbligatoria\r\nper legge.\r\n6. DIFFUSIONE DEI DATI\r\nI dati personali non sono soggetti a diffusione.\r\n7. TRASFERIMENTO DEI DATI\r\nIl Titolare assicura sin da ora che in caso di trasferimento dei dati in altri paesi, anche fuori dalla UE,\r\nverranno osservate tutte le disposizioni di legge in merito.\r\n8. PERIODO DI CONSERVAZIONE\r\nI dati verranno conservati per un periodo non superiore ai termini necessari per adempiere gli obblighi\r\ncontrattuali, comunque per le finalit\u00e0 per le quali sono stati raccolti per l\u2019adempimento degli obblighi di\r\nlegge conseguenti e correlati, nonch\u00e9 fino alla revoca espressa da parte dell\u2019interessato.\r\n9. DIRITTI DELL\u2019INTERESSATO\r\nL\u2019interessato ha i diritti di cui all\u2019art. 7 Codice Privacy e art. 15 e seguenti GDPR e precisamente i diritti\r\ndi:\r\n- ottenere la conferma che sia o meno in corso un trattamento di dati personali che lo riguardano;\r\n- ottenere l\u2019accesso ai dati personali e alle informazioni relative al trattamento nonch\u00e9 richiedere una\r\ncopia dei dati personali;\r\n- ottenere la rettifica dei dati personali inesatti e l\u2019integrazione dei dati personali incompleti;\r\n- ottenere, qualora sussista una delle condizioni previste dall\u2019art. 17 del GDPR, la cancellazione dei dati\r\npersonali che lo riguardano (diritto all\u2019oblio);\r\n- ottenere, nei casi previsti dall\u2019art. 18 del GDPR, la limitazione del trattamento;\r\n- ricevere i dati personali che lo riguardano in un formato strutturato, di uso comune e leggibile da\r\ndispositivo automatico e richiedere la loro trasmissione ad un altro Titolare, se tecnicamente fattibile\r\n(diritto alla portabilit\u00e0 dei dati);\r\n- opposizione;\r\n- proporre Reclamo all\u2019Autorit\u00e0 Garante.\r\n\r\n10. MODALIT\u00c0 DI ESERCIZIO DEI DIRITTI\r\nL\u2019interessato potr\u00e0 esercitare i propri diritti nelle forme e nei termini di cui all\u2019art. 12 GDPR inviando una\r\nraccomandata a\/r a QUANTANALITICA S.R.L. \u2013 VIA GUIDO ROSSA N. 14A\u2013 23875 OSNAGO (LC) oppure a\r\nmezzo PEC tramite l\u2019indirizzo e-mail: quantanalitica@legalmail.it\r\n11. TITOLARE DEL TRATTAMENTO\r\nIl Titolare del Trattamento \u00e8:\r\n\r\nQUANTANALITICA SRL\r\nVia Guido Rossa, 14\u00b0- 23875 Osnago (LC)\r\nCapitale sociale \u20ac 30.000,00 i.v. - C.F.: P. IVA: 03455620132\r\nR.E.A. di Lecco n. 317212\r\nTel.: +39 039 9280061 -- Fax: +39 039 9289636\r\nPEC: quantanalitica@legalmail.it - E-mail: info@quantanalitica.com - www.quantanalitica.com\r\n\r\nwww.quantanalitica.com","_et_gb_content_width":"","footnotes":""},"acf":[],"yoast_head":"<!-- This site is optimized with the Yoast SEO plugin v21.0 - https:\/\/yoast.com\/wordpress\/plugins\/seo\/ -->\n<title>Privacy policy - Quantanalitica<\/title>\n<meta name=\"robots\" content=\"index, follow, max-snippet:-1, max-image-preview:large, max-video-preview:-1\" \/>\n<link rel=\"canonical\" href=\"https:\/\/www.quantanalitica.com\/en\/privacy-policy\/\" \/>\n<meta property=\"og:locale\" content=\"en_US\" \/>\n<meta property=\"og:type\" content=\"article\" \/>\n<meta property=\"og:title\" content=\"Privacy policy - Quantanalitica\" \/>\n<meta property=\"og:description\" content=\"[et_pb_section fb_built=&#8221;1&#8243; admin_label=&#8221;section&#8221; _builder_version=&#8221;3.22&#8243; fb_built=&#8221;1&#8243; _i=&#8221;0&#8243; _address=&#8221;0&#8243;][et_pb_row admin_label=&#8221;row&#8221; _builder_version=&#8221;3.25&#8243; background_size=&#8221;initial&#8221; background_position=&#8221;top_left&#8221; background_repeat=&#8221;repeat&#8221; _i=&#8221;0&#8243; _address=&#8221;0.0&#8243;][et_pb_column type=&#8221;4_4&#8243; _builder_version=&#8221;3.25&#8243; custom_padding=&#8221;|||&#8221; _i=&#8221;0&#8243; _address=&#8221;0.0.0&#8243; custom_padding__hover=&#8221;|||&#8221;][et_pb_text admin_label=&#8221;Text&#8221; _builder_version=&#8221;3.29.3&#8243; background_size=&#8221;initial&#8221; background_position=&#8221;top_left&#8221; background_repeat=&#8221;repeat&#8221; _i=&#8221;0&#8243; _address=&#8221;0.0.0.0&#8243;] PRIVACY POLICY Informativa sul trattamento dei dati personali Ai sensi dell\u2019art. 13 D.Lgs n. 196\/2003 (di seguito, per brevit\u00e0, Codice Privacy) e dell\u2019art. 13 Regolamento UE n. 2016\/679 [&hellip;]\" \/>\n<meta property=\"og:url\" content=\"https:\/\/www.quantanalitica.com\/en\/privacy-policy\/\" \/>\n<meta property=\"og:site_name\" content=\"Quantanalitica\" \/>\n<meta property=\"article:publisher\" content=\"https:\/\/www.facebook.com\/QuantAnalitica\/\" \/>\n<meta property=\"article:modified_time\" content=\"2020-01-23T13:49:07+00:00\" \/>\n<meta name=\"twitter:card\" content=\"summary_large_image\" \/>\n<meta name=\"twitter:label1\" content=\"Est. reading time\" \/>\n\t<meta name=\"twitter:data1\" content=\"4 minutes\" \/>\n<script type=\"application\/ld+json\" class=\"yoast-schema-graph\">{\"@context\":\"https:\/\/schema.org\",\"@graph\":[{\"@type\":\"WebPage\",\"@id\":\"https:\/\/www.quantanalitica.com\/en\/privacy-policy\/\",\"url\":\"https:\/\/www.quantanalitica.com\/en\/privacy-policy\/\",\"name\":\"Privacy policy - Quantanalitica\",\"isPartOf\":{\"@id\":\"https:\/\/www.quantanalitica.com\/en\/#website\"},\"datePublished\":\"2020-01-23T13:49:06+00:00\",\"dateModified\":\"2020-01-23T13:49:07+00:00\",\"breadcrumb\":{\"@id\":\"https:\/\/www.quantanalitica.com\/en\/privacy-policy\/#breadcrumb\"},\"inLanguage\":\"en-US\",\"potentialAction\":[{\"@type\":\"ReadAction\",\"target\":[\"https:\/\/www.quantanalitica.com\/en\/privacy-policy\/\"]}]},{\"@type\":\"BreadcrumbList\",\"@id\":\"https:\/\/www.quantanalitica.com\/en\/privacy-policy\/#breadcrumb\",\"itemListElement\":[{\"@type\":\"ListItem\",\"position\":1,\"name\":\"Home\",\"item\":\"https:\/\/www.quantanalitica.com\/en\/\"},{\"@type\":\"ListItem\",\"position\":2,\"name\":\"Privacy policy\"}]},{\"@type\":\"WebSite\",\"@id\":\"https:\/\/www.quantanalitica.com\/en\/#website\",\"url\":\"https:\/\/www.quantanalitica.com\/en\/\",\"name\":\"Quantanalitica\",\"description\":\"\",\"publisher\":{\"@id\":\"https:\/\/www.quantanalitica.com\/en\/#organization\"},\"potentialAction\":[{\"@type\":\"SearchAction\",\"target\":{\"@type\":\"EntryPoint\",\"urlTemplate\":\"https:\/\/www.quantanalitica.com\/en\/?s={search_term_string}\"},\"query-input\":\"required name=search_term_string\"}],\"inLanguage\":\"en-US\"},{\"@type\":\"Organization\",\"@id\":\"https:\/\/www.quantanalitica.com\/en\/#organization\",\"name\":\"Quantanalitica S.r.l\",\"url\":\"https:\/\/www.quantanalitica.com\/en\/\",\"logo\":{\"@type\":\"ImageObject\",\"inLanguage\":\"en-US\",\"@id\":\"https:\/\/www.quantanalitica.com\/en\/#\/schema\/logo\/image\/\",\"url\":\"https:\/\/www.quantanalitica.com\/wp-content\/uploads\/2019\/10\/logo.png\",\"contentUrl\":\"https:\/\/www.quantanalitica.com\/wp-content\/uploads\/2019\/10\/logo.png\",\"width\":721,\"height\":200,\"caption\":\"Quantanalitica S.r.l\"},\"image\":{\"@id\":\"https:\/\/www.quantanalitica.com\/en\/#\/schema\/logo\/image\/\"},\"sameAs\":[\"https:\/\/www.facebook.com\/QuantAnalitica\/\",\"https:\/\/www.linkedin.com\/company\/quantanalitica-srl\/\"]}]}<\/script>\n<!-- \/ Yoast SEO plugin. -->","yoast_head_json":{"title":"Privacy policy - Quantanalitica","robots":{"index":"index","follow":"follow","max-snippet":"max-snippet:-1","max-image-preview":"max-image-preview:large","max-video-preview":"max-video-preview:-1"},"canonical":"https:\/\/www.quantanalitica.com\/en\/privacy-policy\/","og_locale":"en_US","og_type":"article","og_title":"Privacy policy - Quantanalitica","og_description":"[et_pb_section fb_built=&#8221;1&#8243; admin_label=&#8221;section&#8221; _builder_version=&#8221;3.22&#8243; fb_built=&#8221;1&#8243; _i=&#8221;0&#8243; _address=&#8221;0&#8243;][et_pb_row admin_label=&#8221;row&#8221; _builder_version=&#8221;3.25&#8243; background_size=&#8221;initial&#8221; background_position=&#8221;top_left&#8221; background_repeat=&#8221;repeat&#8221; _i=&#8221;0&#8243; _address=&#8221;0.0&#8243;][et_pb_column type=&#8221;4_4&#8243; _builder_version=&#8221;3.25&#8243; custom_padding=&#8221;|||&#8221; _i=&#8221;0&#8243; _address=&#8221;0.0.0&#8243; custom_padding__hover=&#8221;|||&#8221;][et_pb_text admin_label=&#8221;Text&#8221; _builder_version=&#8221;3.29.3&#8243; background_size=&#8221;initial&#8221; background_position=&#8221;top_left&#8221; background_repeat=&#8221;repeat&#8221; _i=&#8221;0&#8243; _address=&#8221;0.0.0.0&#8243;] PRIVACY POLICY Informativa sul trattamento dei dati personali Ai sensi dell\u2019art. 13 D.Lgs n. 196\/2003 (di seguito, per brevit\u00e0, Codice Privacy) e dell\u2019art. 13 Regolamento UE n. 2016\/679 [&hellip;]","og_url":"https:\/\/www.quantanalitica.com\/en\/privacy-policy\/","og_site_name":"Quantanalitica","article_publisher":"https:\/\/www.facebook.com\/QuantAnalitica\/","article_modified_time":"2020-01-23T13:49:07+00:00","twitter_card":"summary_large_image","twitter_misc":{"Est. reading time":"4 minutes"},"schema":{"@context":"https:\/\/schema.org","@graph":[{"@type":"WebPage","@id":"https:\/\/www.quantanalitica.com\/en\/privacy-policy\/","url":"https:\/\/www.quantanalitica.com\/en\/privacy-policy\/","name":"Privacy policy - Quantanalitica","isPartOf":{"@id":"https:\/\/www.quantanalitica.com\/en\/#website"},"datePublished":"2020-01-23T13:49:06+00:00","dateModified":"2020-01-23T13:49:07+00:00","breadcrumb":{"@id":"https:\/\/www.quantanalitica.com\/en\/privacy-policy\/#breadcrumb"},"inLanguage":"en-US","potentialAction":[{"@type":"ReadAction","target":["https:\/\/www.quantanalitica.com\/en\/privacy-policy\/"]}]},{"@type":"BreadcrumbList","@id":"https:\/\/www.quantanalitica.com\/en\/privacy-policy\/#breadcrumb","itemListElement":[{"@type":"ListItem","position":1,"name":"Home","item":"https:\/\/www.quantanalitica.com\/en\/"},{"@type":"ListItem","position":2,"name":"Privacy policy"}]},{"@type":"WebSite","@id":"https:\/\/www.quantanalitica.com\/en\/#website","url":"https:\/\/www.quantanalitica.com\/en\/","name":"Quantanalitica","description":"","publisher":{"@id":"https:\/\/www.quantanalitica.com\/en\/#organization"},"potentialAction":[{"@type":"SearchAction","target":{"@type":"EntryPoint","urlTemplate":"https:\/\/www.quantanalitica.com\/en\/?s={search_term_string}"},"query-input":"required name=search_term_string"}],"inLanguage":"en-US"},{"@type":"Organization","@id":"https:\/\/www.quantanalitica.com\/en\/#organization","name":"Quantanalitica S.r.l","url":"https:\/\/www.quantanalitica.com\/en\/","logo":{"@type":"ImageObject","inLanguage":"en-US","@id":"https:\/\/www.quantanalitica.com\/en\/#\/schema\/logo\/image\/","url":"https:\/\/www.quantanalitica.com\/wp-content\/uploads\/2019\/10\/logo.png","contentUrl":"https:\/\/www.quantanalitica.com\/wp-content\/uploads\/2019\/10\/logo.png","width":721,"height":200,"caption":"Quantanalitica S.r.l"},"image":{"@id":"https:\/\/www.quantanalitica.com\/en\/#\/schema\/logo\/image\/"},"sameAs":["https:\/\/www.facebook.com\/QuantAnalitica\/","https:\/\/www.linkedin.com\/company\/quantanalitica-srl\/"]}]}},"_links":{"self":[{"href":"https:\/\/www.quantanalitica.com\/en\/wp-json\/wp\/v2\/pages\/9230"}],"collection":[{"href":"https:\/\/www.quantanalitica.com\/en\/wp-json\/wp\/v2\/pages"}],"about":[{"href":"https:\/\/www.quantanalitica.com\/en\/wp-json\/wp\/v2\/types\/page"}],"author":[{"embeddable":true,"href":"https:\/\/www.quantanalitica.com\/en\/wp-json\/wp\/v2\/users\/5"}],"replies":[{"embeddable":true,"href":"https:\/\/www.quantanalitica.com\/en\/wp-json\/wp\/v2\/comments?post=9230"}],"version-history":[{"count":1,"href":"https:\/\/www.quantanalitica.com\/en\/wp-json\/wp\/v2\/pages\/9230\/revisions"}],"predecessor-version":[{"id":9231,"href":"https:\/\/www.quantanalitica.com\/en\/wp-json\/wp\/v2\/pages\/9230\/revisions\/9231"}],"wp:attachment":[{"href":"https:\/\/www.quantanalitica.com\/en\/wp-json\/wp\/v2\/media?parent=9230"}],"curies":[{"name":"wp","href":"https:\/\/api.w.org\/{rel}","templated":true}]}}